{"id":885,"date":"2023-01-10T12:58:42","date_gmt":"2023-01-10T12:58:42","guid":{"rendered":"https:\/\/recomedic.com\/?page_id=885"},"modified":"2025-07-26T09:08:17","modified_gmt":"2025-07-26T09:08:17","slug":"zarzadzanie-jakoscia","status":"publish","type":"page","link":"https:\/\/recomedic.com\/pl\/zarzadzanie-jakoscia\/","title":{"rendered":"Zarz\u0105dzanie jako\u015bci\u0105"},"content":{"rendered":"<p><span style=\"vertical-align: inherit;\"><span style=\"vertical-align: inherit;\">W Recomedic mo\u017cna zastosowa\u0107 r\u00f3\u017cne rozwi\u0105zania, aby dostarcza\u0107 naszym klientom wysokiej jako\u015bci us\u0142ugi i produkty medyczne. Staramy si\u0119 przekroczy\u0107 oczekiwania naszych klient\u00f3w poprzez dopracowanie naszych produkt\u00f3w.<\/span><\/span><\/p>\n<p><span style=\"vertical-align: inherit;\"><span style=\"vertical-align: inherit;\">D\u0105\u017cymy do przestrzegania wszystkich przepis\u00f3w i norm, w tym ISO 13485 oraz ISO 9001, aby zapewni\u0107, \u017ce nasze produkty i us\u0142ugi spe\u0142niaj\u0105 wymagania naszych klient\u00f3w.<\/span><\/span><\/p>\n<p><span style=\"vertical-align: inherit;\"><span style=\"vertical-align: inherit;\">Wierzymy w znaczenie pracy zespo\u0142owej i wsp\u00f3\u0142pracy w osi\u0105ganiu naszych cel\u00f3w jako\u015bciowych. Wszyscy nasi pracownicy dziel\u0105 si\u0119 swoimi umiej\u0119tno\u015bciami i wiedz\u0105 na temat jako\u015bci naszych produkt\u00f3w i us\u0142ug.<\/span><\/span><\/p>\n<p><span style=\"vertical-align: inherit;\"><span style=\"vertical-align: inherit;\">Zobowi\u0105zujemy si\u0119 do regularnego przegl\u0105dania i aktualizacji naszej polityki jako\u015bci i cel\u00f3w, aby udost\u0119pni\u0107 si\u0119, \u017ce s\u0105 one dost\u0119pne dla naszych klient\u00f3w i zabezpieczenia technicznego.<\/span><\/span><\/p>\n<p><strong><span style=\"vertical-align: inherit;\"><span style=\"vertical-align: inherit;\">Dzi\u0119kujemy za wyb\u00f3r firmy Recomedic.<\/span><\/span><\/strong><\/p>\n","protected":false},"excerpt":{"rendered":"<p>W Recomedic mo\u017cna zastosowa\u0107 r\u00f3\u017cne rozwi\u0105zania, aby dostarcza\u0107 naszym klientom wysokiej jako\u015bci us\u0142ugi i produkty medyczne. Staramy si\u0119 przekroczy\u0107 oczekiwania naszych klient\u00f3w poprzez dopracowanie naszych produkt\u00f3w. D\u0105\u017cymy do przestrzegania wszystkich przepis\u00f3w i norm, w tym ISO 13485 oraz ISO 9001, aby zapewni\u0107, \u017ce nasze produkty i us\u0142ugi spe\u0142niaj\u0105 wymagania naszych klient\u00f3w. Wierzymy w znaczenie pracy [&hellip;]<\/p>\n","protected":false},"author":1,"featured_media":0,"parent":0,"menu_order":0,"comment_status":"closed","ping_status":"closed","template":"","meta":{"_acf_changed":false,"footnotes":""},"class_list":["post-885","page","type-page","status-publish","hentry"],"acf":[],"yoast_head":"<!-- This site is optimized with the Yoast SEO plugin v27.5 - https:\/\/yoast.com\/product\/yoast-seo-wordpress\/ -->\n<title>Zarz\u0105dzanie jako\u015bci\u0105 - Recomedic<\/title>\n<meta name=\"robots\" content=\"index, follow, max-snippet:-1, max-image-preview:large, max-video-preview:-1\" \/>\n<link rel=\"canonical\" href=\"https:\/\/recomedic.com\/pl\/zarzadzanie-jakoscia\/\" \/>\n<meta property=\"og:locale\" content=\"pl_PL\" \/>\n<meta property=\"og:type\" content=\"article\" \/>\n<meta property=\"og:title\" content=\"Zarz\u0105dzanie jako\u015bci\u0105 - Recomedic\" \/>\n<meta property=\"og:description\" content=\"W Recomedic mo\u017cna zastosowa\u0107 r\u00f3\u017cne rozwi\u0105zania, aby dostarcza\u0107 naszym klientom wysokiej jako\u015bci us\u0142ugi i produkty medyczne. Staramy si\u0119 przekroczy\u0107 oczekiwania naszych klient\u00f3w poprzez dopracowanie naszych produkt\u00f3w. D\u0105\u017cymy do przestrzegania wszystkich przepis\u00f3w i norm, w tym ISO 13485 oraz ISO 9001, aby zapewni\u0107, \u017ce nasze produkty i us\u0142ugi spe\u0142niaj\u0105 wymagania naszych klient\u00f3w. Wierzymy w znaczenie pracy [&hellip;]\" \/>\n<meta property=\"og:url\" content=\"https:\/\/recomedic.com\/pl\/zarzadzanie-jakoscia\/\" \/>\n<meta property=\"og:site_name\" content=\"Recomedic\" \/>\n<meta property=\"article:publisher\" content=\"https:\/\/www.facebook.com\/recomedic\" \/>\n<meta property=\"article:modified_time\" content=\"2025-07-26T09:08:17+00:00\" \/>\n<meta property=\"og:image\" content=\"https:\/\/recomedic.com\/wp-content\/themes\/recomedic2024\/img\/recomedic-og-image.jpg\" \/>\n\t<meta property=\"og:image:width\" content=\"1200\" \/>\n\t<meta property=\"og:image:height\" content=\"630\" \/>\n\t<meta property=\"og:image:type\" content=\"image\/jpeg\" \/>\n<meta name=\"twitter:card\" content=\"summary_large_image\" \/>\n<meta name=\"twitter:site\" content=\"@recomedic\" \/>\n<meta name=\"twitter:label1\" content=\"Szacowany czas czytania\" \/>\n\t<meta name=\"twitter:data1\" content=\"1 minuta\" \/>\n<script type=\"application\/ld+json\" class=\"yoast-schema-graph\">{\"@context\":\"https:\\\/\\\/schema.org\",\"@graph\":[{\"@type\":\"WebPage\",\"@id\":\"https:\\\/\\\/recomedic.com\\\/pl\\\/zarzadzanie-jakoscia\\\/\",\"url\":\"https:\\\/\\\/recomedic.com\\\/pl\\\/zarzadzanie-jakoscia\\\/\",\"name\":\"Zarz\u0105dzanie jako\u015bci\u0105 - Recomedic\",\"isPartOf\":{\"@id\":\"https:\\\/\\\/recomedic.com\\\/#website\"},\"datePublished\":\"2023-01-10T12:58:42+00:00\",\"dateModified\":\"2025-07-26T09:08:17+00:00\",\"breadcrumb\":{\"@id\":\"https:\\\/\\\/recomedic.com\\\/pl\\\/zarzadzanie-jakoscia\\\/#breadcrumb\"},\"inLanguage\":\"pl-PL\",\"potentialAction\":[{\"@type\":\"ReadAction\",\"target\":[\"https:\\\/\\\/recomedic.com\\\/pl\\\/zarzadzanie-jakoscia\\\/\"]}]},{\"@type\":\"BreadcrumbList\",\"@id\":\"https:\\\/\\\/recomedic.com\\\/pl\\\/zarzadzanie-jakoscia\\\/#breadcrumb\",\"itemListElement\":[{\"@type\":\"ListItem\",\"position\":1,\"name\":\"Home\",\"item\":\"https:\\\/\\\/recomedic.com\\\/pl\\\/\"},{\"@type\":\"ListItem\",\"position\":2,\"name\":\"Zarz\u0105dzanie jako\u015bci\u0105\"}]},{\"@type\":\"WebSite\",\"@id\":\"https:\\\/\\\/recomedic.com\\\/#website\",\"url\":\"https:\\\/\\\/recomedic.com\\\/\",\"name\":\"Recomedic\",\"description\":\"Recomedic - Industrial solutions\",\"publisher\":{\"@id\":\"https:\\\/\\\/recomedic.com\\\/#organization\"},\"potentialAction\":[{\"@type\":\"SearchAction\",\"target\":{\"@type\":\"EntryPoint\",\"urlTemplate\":\"https:\\\/\\\/recomedic.com\\\/?s={search_term_string}\"},\"query-input\":{\"@type\":\"PropertyValueSpecification\",\"valueRequired\":true,\"valueName\":\"search_term_string\"}}],\"inLanguage\":\"pl-PL\"},{\"@type\":\"Organization\",\"@id\":\"https:\\\/\\\/recomedic.com\\\/#organization\",\"name\":\"Recomedic Damian M\u0105cznik Sp. k.\",\"alternateName\":\"Recomedic\",\"url\":\"https:\\\/\\\/recomedic.com\\\/\",\"logo\":{\"@type\":\"ImageObject\",\"inLanguage\":\"pl-PL\",\"@id\":\"https:\\\/\\\/recomedic.com\\\/#\\\/schema\\\/logo\\\/image\\\/\",\"url\":\"https:\\\/\\\/recomedic.com\\\/wp-content\\\/uploads\\\/2023\\\/09\\\/rcm_logo_400x400.jpg\",\"contentUrl\":\"https:\\\/\\\/recomedic.com\\\/wp-content\\\/uploads\\\/2023\\\/09\\\/rcm_logo_400x400.jpg\",\"width\":400,\"height\":400,\"caption\":\"Recomedic Damian M\u0105cznik Sp. k.\"},\"image\":{\"@id\":\"https:\\\/\\\/recomedic.com\\\/#\\\/schema\\\/logo\\\/image\\\/\"},\"sameAs\":[\"https:\\\/\\\/www.facebook.com\\\/recomedic\",\"https:\\\/\\\/x.com\\\/recomedic\"]}]}<\/script>\n<!-- \/ Yoast SEO plugin. -->","yoast_head_json":{"title":"Zarz\u0105dzanie jako\u015bci\u0105 - Recomedic","robots":{"index":"index","follow":"follow","max-snippet":"max-snippet:-1","max-image-preview":"max-image-preview:large","max-video-preview":"max-video-preview:-1"},"canonical":"https:\/\/recomedic.com\/pl\/zarzadzanie-jakoscia\/","og_locale":"pl_PL","og_type":"article","og_title":"Zarz\u0105dzanie jako\u015bci\u0105 - Recomedic","og_description":"W Recomedic mo\u017cna zastosowa\u0107 r\u00f3\u017cne rozwi\u0105zania, aby dostarcza\u0107 naszym klientom wysokiej jako\u015bci us\u0142ugi i produkty medyczne. Staramy si\u0119 przekroczy\u0107 oczekiwania naszych klient\u00f3w poprzez dopracowanie naszych produkt\u00f3w. D\u0105\u017cymy do przestrzegania wszystkich przepis\u00f3w i norm, w tym ISO 13485 oraz ISO 9001, aby zapewni\u0107, \u017ce nasze produkty i us\u0142ugi spe\u0142niaj\u0105 wymagania naszych klient\u00f3w. Wierzymy w znaczenie pracy [&hellip;]","og_url":"https:\/\/recomedic.com\/pl\/zarzadzanie-jakoscia\/","og_site_name":"Recomedic","article_publisher":"https:\/\/www.facebook.com\/recomedic","article_modified_time":"2025-07-26T09:08:17+00:00","og_image":[{"width":1200,"height":630,"url":"https:\/\/recomedic.com\/wp-content\/themes\/recomedic2024\/img\/recomedic-og-image.jpg","type":"image\/jpeg"}],"twitter_card":"summary_large_image","twitter_site":"@recomedic","twitter_misc":{"Szacowany czas czytania":"1 minuta"},"schema":{"@context":"https:\/\/schema.org","@graph":[{"@type":"WebPage","@id":"https:\/\/recomedic.com\/pl\/zarzadzanie-jakoscia\/","url":"https:\/\/recomedic.com\/pl\/zarzadzanie-jakoscia\/","name":"Zarz\u0105dzanie jako\u015bci\u0105 - Recomedic","isPartOf":{"@id":"https:\/\/recomedic.com\/#website"},"datePublished":"2023-01-10T12:58:42+00:00","dateModified":"2025-07-26T09:08:17+00:00","breadcrumb":{"@id":"https:\/\/recomedic.com\/pl\/zarzadzanie-jakoscia\/#breadcrumb"},"inLanguage":"pl-PL","potentialAction":[{"@type":"ReadAction","target":["https:\/\/recomedic.com\/pl\/zarzadzanie-jakoscia\/"]}]},{"@type":"BreadcrumbList","@id":"https:\/\/recomedic.com\/pl\/zarzadzanie-jakoscia\/#breadcrumb","itemListElement":[{"@type":"ListItem","position":1,"name":"Home","item":"https:\/\/recomedic.com\/pl\/"},{"@type":"ListItem","position":2,"name":"Zarz\u0105dzanie jako\u015bci\u0105"}]},{"@type":"WebSite","@id":"https:\/\/recomedic.com\/#website","url":"https:\/\/recomedic.com\/","name":"Recomedic","description":"Recomedic - Industrial solutions","publisher":{"@id":"https:\/\/recomedic.com\/#organization"},"potentialAction":[{"@type":"SearchAction","target":{"@type":"EntryPoint","urlTemplate":"https:\/\/recomedic.com\/?s={search_term_string}"},"query-input":{"@type":"PropertyValueSpecification","valueRequired":true,"valueName":"search_term_string"}}],"inLanguage":"pl-PL"},{"@type":"Organization","@id":"https:\/\/recomedic.com\/#organization","name":"Recomedic Damian M\u0105cznik Sp. k.","alternateName":"Recomedic","url":"https:\/\/recomedic.com\/","logo":{"@type":"ImageObject","inLanguage":"pl-PL","@id":"https:\/\/recomedic.com\/#\/schema\/logo\/image\/","url":"https:\/\/recomedic.com\/wp-content\/uploads\/2023\/09\/rcm_logo_400x400.jpg","contentUrl":"https:\/\/recomedic.com\/wp-content\/uploads\/2023\/09\/rcm_logo_400x400.jpg","width":400,"height":400,"caption":"Recomedic Damian M\u0105cznik Sp. k."},"image":{"@id":"https:\/\/recomedic.com\/#\/schema\/logo\/image\/"},"sameAs":["https:\/\/www.facebook.com\/recomedic","https:\/\/x.com\/recomedic"]}]}},"_links":{"self":[{"href":"https:\/\/recomedic.com\/pl\/wp-json\/wp\/v2\/pages\/885","targetHints":{"allow":["GET"]}}],"collection":[{"href":"https:\/\/recomedic.com\/pl\/wp-json\/wp\/v2\/pages"}],"about":[{"href":"https:\/\/recomedic.com\/pl\/wp-json\/wp\/v2\/types\/page"}],"author":[{"embeddable":true,"href":"https:\/\/recomedic.com\/pl\/wp-json\/wp\/v2\/users\/1"}],"replies":[{"embeddable":true,"href":"https:\/\/recomedic.com\/pl\/wp-json\/wp\/v2\/comments?post=885"}],"version-history":[{"count":12,"href":"https:\/\/recomedic.com\/pl\/wp-json\/wp\/v2\/pages\/885\/revisions"}],"predecessor-version":[{"id":1405,"href":"https:\/\/recomedic.com\/pl\/wp-json\/wp\/v2\/pages\/885\/revisions\/1405"}],"wp:attachment":[{"href":"https:\/\/recomedic.com\/pl\/wp-json\/wp\/v2\/media?parent=885"}],"curies":[{"name":"wp","href":"https:\/\/api.w.org\/{rel}","templated":true}]}}