{"id":54,"date":"2018-07-26T15:37:17","date_gmt":"2018-07-26T15:37:17","guid":{"rendered":"http:\/\/rcm.relacje.hostingasp.pl\/?page_id=54"},"modified":"2025-08-08T17:40:23","modified_gmt":"2025-08-08T17:40:23","slug":"giecie","status":"publish","type":"page","link":"https:\/\/recomedic.com\/pl\/produkty\/giecie\/","title":{"rendered":"Gi\u0119cie"},"content":{"rendered":"<h2>Us\u0142ugi gi\u0119cia metali<\/h2>\n<p>Gi\u0119cie metalu to proces polegaj\u0105cy na odkszta\u0142ceniu metalu poprzez przy\u0142o\u017cenie do niego si\u0142y. Obrabiany przedmiot jest umieszczany nad matryc\u0105, a nast\u0119pnie dociskany w celu uformowania kszta\u0142tu. W rezultacie metal jest wyginany pod k\u0105tem i tworzy kszta\u0142t litery \u201eV\u201d lub \u201eU\u201d.<\/p>\n<p><!--more--><\/p>\n<h2>Zastosowanie gi\u0119cia w bran\u017cy medycznej<\/h2>\n<p>Gi\u0119cie jest powszechnie stosowane w przemy\u015ble medycznym. Znajduje zastosowanie g\u0142\u00f3wnie w procesie produkcji takich urz\u0105dze\u0144 jak:<\/p>\n<ul>\n<li>\u0142\u00f3\u017cka szpitalne,<\/li>\n<li>ramy w\u00f3zk\u00f3w inwalidzkich,<\/li>\n<li>uchwyty do w\u00f3zk\u00f3w inwalidzkich,<\/li>\n<li>chodziki i balkoniki,<\/li>\n<li>kule ortopedyczne,<\/li>\n<li>w\u00f3zki medyczne.<\/li>\n<\/ul>\n<h2>Znaczenie gi\u0119cia w bran\u017cy medycznej<\/h2>\n<p>Gi\u0119cie metalu pozwala na tworzenie bardzo dok\u0142adnych zagi\u0119\u0107. Gi\u0119cie jest szybkim procesem, kt\u00f3ry umo\u017cliwia produkcj\u0119 du\u017cych ilo\u015bci komponent\u00f3w w kr\u00f3tkim czasie. Dzi\u0119ki zastosowaniu gi\u0119cia mo\u017cliwe jest wykonanie obrabianego przedmiotu z jednego kawa\u0142ka materia\u0142u, co eliminuje potrzeb\u0119 stosowania po\u0142\u0105cze\u0144, a w efekcie zmniejsza czas wykonania oraz z\u0142o\u017cono\u015b\u0107 projektu, eliminuje potencjalne b\u0142\u0119dy i punkty awarii. Gi\u0119cie jest korzystne na ka\u017cdym etapie \u0142a\u0144cucha dostaw, poniewa\u017c zmniejsza wag\u0119 komponent\u00f3w medycznych, bez uszczerbku dla ich wytrzyma\u0142o\u015bci i trwa\u0142o\u015bci. Ta metoda obr\u00f3bki metalu jest r\u00f3wnie\u017c niezwykle op\u0142acalna i mo\u017ce obni\u017cy\u0107 koszty sprz\u0119tu medycznego.<\/p>\n<h2>Dlaczego warto skorzysta\u0107 z us\u0142ug gi\u0119cia metali oferowanych przez Recomedic?<\/h2>\n<p>Recomedic ma ponad 25-letnie do\u015bwiadczenie w dostarczaniu us\u0142ug gi\u0119cia na najwy\u017cszym poziomie. Celem firmy jest oferowanie klientom spersonalizowanych rozwi\u0105za\u0144 poprzez znalezienie najbardziej optymalnych i ekonomicznych plan\u00f3w dla ich projekt\u00f3w. Wszystkie cz\u0119\u015bci gi\u0119te s\u0105 produkowane przez do\u015bwiadczonych profesjonalist\u00f3w przy u\u017cyciu surowc\u00f3w najwy\u017cszej jako\u015bci i innowacyjnych technologii zgodnych z bran\u017cowymi standardami jako\u015bci. Jako\u015b\u0107 cz\u0119\u015bci gi\u0119tych jest utrzymywana poprzez rygorystyczne testowanie parametr\u00f3w. Dost\u0119pne s\u0105 wszystkie opcje techniczne dotycz\u0105ce opracowywania i produkcji komponent\u00f3w.<\/p>\n<p><strong>Zobacz r\u00f3wnie\u017c inne nasze us\u0142ugi:<\/strong><\/p>\n<p><a href=\"https:\/\/recomedic.com\/pl\/produkty\/spawanie\/\">Spawanie<\/a><br \/>\n<a href=\"https:\/\/recomedic.com\/pl\/produkty\/frezowanie\/\">Frezowanie<\/a><br \/>\n<a href=\"https:\/\/recomedic.com\/pl\/produkty\/toczenie\/\">Toczenie<\/a><br \/>\n<a href=\"https:\/\/recomedic.com\/pl\/produkty\/ciecie-laserowe\/\">Ci\u0119cie laserowe<\/a><\/p>\n","protected":false},"excerpt":{"rendered":"<p>Us\u0142ugi gi\u0119cia metali Gi\u0119cie metalu to proces polegaj\u0105cy na odkszta\u0142ceniu metalu poprzez przy\u0142o\u017cenie do niego si\u0142y. Obrabiany przedmiot jest umieszczany nad matryc\u0105, a nast\u0119pnie dociskany w celu uformowania kszta\u0142tu. W rezultacie metal jest wyginany pod k\u0105tem i tworzy kszta\u0142t litery \u201eV\u201d lub \u201eU\u201d.<\/p>\n","protected":false},"author":1,"featured_media":76,"parent":46,"menu_order":4,"comment_status":"closed","ping_status":"closed","template":"","meta":{"_acf_changed":false,"footnotes":""},"class_list":["post-54","page","type-page","status-publish","has-post-thumbnail","hentry"],"acf":[],"yoast_head":"<!-- This site is optimized with the Yoast SEO plugin v27.5 - https:\/\/yoast.com\/product\/yoast-seo-wordpress\/ -->\n<title>Gi\u0119cie metali | Recomedic<\/title>\n<meta name=\"description\" content=\"W Recomedic oferujemy us\u0142ugi precyzyjnego gi\u0119cia cz\u0119\u015bci do urz\u0105dze\u0144 medycznych. Sprawd\u017a nasze specjalistyczne rozwi\u0105zania w zakresie gi\u0119cia.\" \/>\n<meta name=\"robots\" content=\"index, follow, max-snippet:-1, max-image-preview:large, max-video-preview:-1\" \/>\n<link rel=\"canonical\" href=\"https:\/\/recomedic.com\/pl\/produkty\/giecie\/\" \/>\n<meta property=\"og:locale\" content=\"pl_PL\" \/>\n<meta property=\"og:type\" content=\"article\" \/>\n<meta property=\"og:title\" content=\"Gi\u0119cie metali | Recomedic\" \/>\n<meta property=\"og:description\" content=\"W Recomedic oferujemy us\u0142ugi precyzyjnego gi\u0119cia cz\u0119\u015bci do urz\u0105dze\u0144 medycznych. Sprawd\u017a nasze specjalistyczne rozwi\u0105zania w zakresie gi\u0119cia.\" \/>\n<meta property=\"og:url\" content=\"https:\/\/recomedic.com\/pl\/produkty\/giecie\/\" \/>\n<meta property=\"og:site_name\" content=\"Recomedic\" \/>\n<meta property=\"article:publisher\" content=\"https:\/\/www.facebook.com\/recomedic\" \/>\n<meta property=\"article:modified_time\" content=\"2025-08-08T17:40:23+00:00\" \/>\n<meta property=\"og:image\" content=\"https:\/\/recomedic.com\/wp-content\/themes\/recomedic2024\/img\/recomedic-og-image.jpg\" \/>\n\t<meta property=\"og:image:width\" content=\"1920\" \/>\n\t<meta property=\"og:image:height\" content=\"1177\" \/>\n\t<meta property=\"og:image:type\" content=\"image\/jpeg\" \/>\n<meta name=\"twitter:card\" content=\"summary_large_image\" \/>\n<meta name=\"twitter:site\" content=\"@recomedic\" \/>\n<meta name=\"twitter:label1\" content=\"Szacowany czas czytania\" \/>\n\t<meta name=\"twitter:data1\" content=\"2 minuty\" \/>\n<script type=\"application\/ld+json\" class=\"yoast-schema-graph\">{\"@context\":\"https:\\\/\\\/schema.org\",\"@graph\":[{\"@type\":\"WebPage\",\"@id\":\"https:\\\/\\\/recomedic.com\\\/pl\\\/produkty\\\/giecie\\\/\",\"url\":\"https:\\\/\\\/recomedic.com\\\/pl\\\/produkty\\\/giecie\\\/\",\"name\":\"Gi\u0119cie metali | Recomedic\",\"isPartOf\":{\"@id\":\"https:\\\/\\\/recomedic.com\\\/#website\"},\"primaryImageOfPage\":{\"@id\":\"https:\\\/\\\/recomedic.com\\\/pl\\\/produkty\\\/giecie\\\/#primaryimage\"},\"image\":{\"@id\":\"https:\\\/\\\/recomedic.com\\\/pl\\\/produkty\\\/giecie\\\/#primaryimage\"},\"thumbnailUrl\":\"https:\\\/\\\/recomedic.com\\\/wp-content\\\/uploads\\\/2018\\\/07\\\/Product-BENDING-SERVICES.jpg\",\"datePublished\":\"2018-07-26T15:37:17+00:00\",\"dateModified\":\"2025-08-08T17:40:23+00:00\",\"description\":\"W Recomedic oferujemy us\u0142ugi precyzyjnego gi\u0119cia cz\u0119\u015bci do urz\u0105dze\u0144 medycznych. Sprawd\u017a nasze specjalistyczne rozwi\u0105zania w zakresie gi\u0119cia.\",\"breadcrumb\":{\"@id\":\"https:\\\/\\\/recomedic.com\\\/pl\\\/produkty\\\/giecie\\\/#breadcrumb\"},\"inLanguage\":\"pl-PL\",\"potentialAction\":[{\"@type\":\"ReadAction\",\"target\":[\"https:\\\/\\\/recomedic.com\\\/pl\\\/produkty\\\/giecie\\\/\"]}]},{\"@type\":\"ImageObject\",\"inLanguage\":\"pl-PL\",\"@id\":\"https:\\\/\\\/recomedic.com\\\/pl\\\/produkty\\\/giecie\\\/#primaryimage\",\"url\":\"https:\\\/\\\/recomedic.com\\\/wp-content\\\/uploads\\\/2018\\\/07\\\/Product-BENDING-SERVICES.jpg\",\"contentUrl\":\"https:\\\/\\\/recomedic.com\\\/wp-content\\\/uploads\\\/2018\\\/07\\\/Product-BENDING-SERVICES.jpg\",\"width\":1920,\"height\":1177},{\"@type\":\"BreadcrumbList\",\"@id\":\"https:\\\/\\\/recomedic.com\\\/pl\\\/produkty\\\/giecie\\\/#breadcrumb\",\"itemListElement\":[{\"@type\":\"ListItem\",\"position\":1,\"name\":\"Home\",\"item\":\"https:\\\/\\\/recomedic.com\\\/pl\\\/\"},{\"@type\":\"ListItem\",\"position\":2,\"name\":\"Produkty\",\"item\":\"https:\\\/\\\/recomedic.com\\\/pl\\\/produkty\\\/\"},{\"@type\":\"ListItem\",\"position\":3,\"name\":\"Gi\u0119cie\"}]},{\"@type\":\"WebSite\",\"@id\":\"https:\\\/\\\/recomedic.com\\\/#website\",\"url\":\"https:\\\/\\\/recomedic.com\\\/\",\"name\":\"Recomedic\",\"description\":\"Recomedic - Industrial solutions\",\"publisher\":{\"@id\":\"https:\\\/\\\/recomedic.com\\\/#organization\"},\"potentialAction\":[{\"@type\":\"SearchAction\",\"target\":{\"@type\":\"EntryPoint\",\"urlTemplate\":\"https:\\\/\\\/recomedic.com\\\/?s={search_term_string}\"},\"query-input\":{\"@type\":\"PropertyValueSpecification\",\"valueRequired\":true,\"valueName\":\"search_term_string\"}}],\"inLanguage\":\"pl-PL\"},{\"@type\":\"Organization\",\"@id\":\"https:\\\/\\\/recomedic.com\\\/#organization\",\"name\":\"Recomedic Damian M\u0105cznik Sp. k.\",\"alternateName\":\"Recomedic\",\"url\":\"https:\\\/\\\/recomedic.com\\\/\",\"logo\":{\"@type\":\"ImageObject\",\"inLanguage\":\"pl-PL\",\"@id\":\"https:\\\/\\\/recomedic.com\\\/#\\\/schema\\\/logo\\\/image\\\/\",\"url\":\"https:\\\/\\\/recomedic.com\\\/wp-content\\\/uploads\\\/2023\\\/09\\\/rcm_logo_400x400.jpg\",\"contentUrl\":\"https:\\\/\\\/recomedic.com\\\/wp-content\\\/uploads\\\/2023\\\/09\\\/rcm_logo_400x400.jpg\",\"width\":400,\"height\":400,\"caption\":\"Recomedic Damian M\u0105cznik Sp. k.\"},\"image\":{\"@id\":\"https:\\\/\\\/recomedic.com\\\/#\\\/schema\\\/logo\\\/image\\\/\"},\"sameAs\":[\"https:\\\/\\\/www.facebook.com\\\/recomedic\",\"https:\\\/\\\/x.com\\\/recomedic\"]}]}<\/script>\n<!-- \/ Yoast SEO plugin. -->","yoast_head_json":{"title":"Gi\u0119cie metali | Recomedic","description":"W Recomedic oferujemy us\u0142ugi precyzyjnego gi\u0119cia cz\u0119\u015bci do urz\u0105dze\u0144 medycznych. Sprawd\u017a nasze specjalistyczne rozwi\u0105zania w zakresie gi\u0119cia.","robots":{"index":"index","follow":"follow","max-snippet":"max-snippet:-1","max-image-preview":"max-image-preview:large","max-video-preview":"max-video-preview:-1"},"canonical":"https:\/\/recomedic.com\/pl\/produkty\/giecie\/","og_locale":"pl_PL","og_type":"article","og_title":"Gi\u0119cie metali | Recomedic","og_description":"W Recomedic oferujemy us\u0142ugi precyzyjnego gi\u0119cia cz\u0119\u015bci do urz\u0105dze\u0144 medycznych. Sprawd\u017a nasze specjalistyczne rozwi\u0105zania w zakresie gi\u0119cia.","og_url":"https:\/\/recomedic.com\/pl\/produkty\/giecie\/","og_site_name":"Recomedic","article_publisher":"https:\/\/www.facebook.com\/recomedic","article_modified_time":"2025-08-08T17:40:23+00:00","og_image":[{"width":1920,"height":1177,"url":"https:\/\/recomedic.com\/wp-content\/themes\/recomedic2024\/img\/recomedic-og-image.jpg","type":"image\/jpeg"}],"twitter_card":"summary_large_image","twitter_site":"@recomedic","twitter_misc":{"Szacowany czas czytania":"2 minuty"},"schema":{"@context":"https:\/\/schema.org","@graph":[{"@type":"WebPage","@id":"https:\/\/recomedic.com\/pl\/produkty\/giecie\/","url":"https:\/\/recomedic.com\/pl\/produkty\/giecie\/","name":"Gi\u0119cie metali | Recomedic","isPartOf":{"@id":"https:\/\/recomedic.com\/#website"},"primaryImageOfPage":{"@id":"https:\/\/recomedic.com\/pl\/produkty\/giecie\/#primaryimage"},"image":{"@id":"https:\/\/recomedic.com\/pl\/produkty\/giecie\/#primaryimage"},"thumbnailUrl":"https:\/\/recomedic.com\/wp-content\/uploads\/2018\/07\/Product-BENDING-SERVICES.jpg","datePublished":"2018-07-26T15:37:17+00:00","dateModified":"2025-08-08T17:40:23+00:00","description":"W Recomedic oferujemy us\u0142ugi precyzyjnego gi\u0119cia cz\u0119\u015bci do urz\u0105dze\u0144 medycznych. Sprawd\u017a nasze specjalistyczne rozwi\u0105zania w zakresie gi\u0119cia.","breadcrumb":{"@id":"https:\/\/recomedic.com\/pl\/produkty\/giecie\/#breadcrumb"},"inLanguage":"pl-PL","potentialAction":[{"@type":"ReadAction","target":["https:\/\/recomedic.com\/pl\/produkty\/giecie\/"]}]},{"@type":"ImageObject","inLanguage":"pl-PL","@id":"https:\/\/recomedic.com\/pl\/produkty\/giecie\/#primaryimage","url":"https:\/\/recomedic.com\/wp-content\/uploads\/2018\/07\/Product-BENDING-SERVICES.jpg","contentUrl":"https:\/\/recomedic.com\/wp-content\/uploads\/2018\/07\/Product-BENDING-SERVICES.jpg","width":1920,"height":1177},{"@type":"BreadcrumbList","@id":"https:\/\/recomedic.com\/pl\/produkty\/giecie\/#breadcrumb","itemListElement":[{"@type":"ListItem","position":1,"name":"Home","item":"https:\/\/recomedic.com\/pl\/"},{"@type":"ListItem","position":2,"name":"Produkty","item":"https:\/\/recomedic.com\/pl\/produkty\/"},{"@type":"ListItem","position":3,"name":"Gi\u0119cie"}]},{"@type":"WebSite","@id":"https:\/\/recomedic.com\/#website","url":"https:\/\/recomedic.com\/","name":"Recomedic","description":"Recomedic - Industrial solutions","publisher":{"@id":"https:\/\/recomedic.com\/#organization"},"potentialAction":[{"@type":"SearchAction","target":{"@type":"EntryPoint","urlTemplate":"https:\/\/recomedic.com\/?s={search_term_string}"},"query-input":{"@type":"PropertyValueSpecification","valueRequired":true,"valueName":"search_term_string"}}],"inLanguage":"pl-PL"},{"@type":"Organization","@id":"https:\/\/recomedic.com\/#organization","name":"Recomedic Damian M\u0105cznik Sp. k.","alternateName":"Recomedic","url":"https:\/\/recomedic.com\/","logo":{"@type":"ImageObject","inLanguage":"pl-PL","@id":"https:\/\/recomedic.com\/#\/schema\/logo\/image\/","url":"https:\/\/recomedic.com\/wp-content\/uploads\/2023\/09\/rcm_logo_400x400.jpg","contentUrl":"https:\/\/recomedic.com\/wp-content\/uploads\/2023\/09\/rcm_logo_400x400.jpg","width":400,"height":400,"caption":"Recomedic Damian M\u0105cznik Sp. k."},"image":{"@id":"https:\/\/recomedic.com\/#\/schema\/logo\/image\/"},"sameAs":["https:\/\/www.facebook.com\/recomedic","https:\/\/x.com\/recomedic"]}]}},"_links":{"self":[{"href":"https:\/\/recomedic.com\/pl\/wp-json\/wp\/v2\/pages\/54","targetHints":{"allow":["GET"]}}],"collection":[{"href":"https:\/\/recomedic.com\/pl\/wp-json\/wp\/v2\/pages"}],"about":[{"href":"https:\/\/recomedic.com\/pl\/wp-json\/wp\/v2\/types\/page"}],"author":[{"embeddable":true,"href":"https:\/\/recomedic.com\/pl\/wp-json\/wp\/v2\/users\/1"}],"replies":[{"embeddable":true,"href":"https:\/\/recomedic.com\/pl\/wp-json\/wp\/v2\/comments?post=54"}],"version-history":[{"count":10,"href":"https:\/\/recomedic.com\/pl\/wp-json\/wp\/v2\/pages\/54\/revisions"}],"predecessor-version":[{"id":1420,"href":"https:\/\/recomedic.com\/pl\/wp-json\/wp\/v2\/pages\/54\/revisions\/1420"}],"up":[{"embeddable":true,"href":"https:\/\/recomedic.com\/pl\/wp-json\/wp\/v2\/pages\/46"}],"wp:featuredmedia":[{"embeddable":true,"href":"https:\/\/recomedic.com\/pl\/wp-json\/wp\/v2\/media\/76"}],"wp:attachment":[{"href":"https:\/\/recomedic.com\/pl\/wp-json\/wp\/v2\/media?parent=54"}],"curies":[{"name":"wp","href":"https:\/\/api.w.org\/{rel}","templated":true}]}}