{"id":52,"date":"2018-07-26T15:36:56","date_gmt":"2018-07-26T15:36:56","guid":{"rendered":"http:\/\/rcm.relacje.hostingasp.pl\/?page_id=52"},"modified":"2025-08-08T17:48:27","modified_gmt":"2025-08-08T17:48:27","slug":"spawanie","status":"publish","type":"page","link":"https:\/\/recomedic.com\/pl\/produkty\/spawanie\/","title":{"rendered":"Spawanie"},"content":{"rendered":"<h2>Us\u0142ugi spawalnicze i piaskowania<\/h2>\n<p>Spawanie to proces produkcyjny stosowany do \u0142\u0105czenia cz\u0119\u015bci metalowych lub z tworzyw termoplastycznych z u\u017cyciem wysokiej temperatury. W Recomedic \u015bwiadczymy us\u0142ugi spawalnicze, opieraj\u0105c si\u0119 na do\u015bwiadczeniu certyfikowanych i do\u015bwiadczonych spawaczy. Oferujemy elementy spawane o r\u00f3\u017cnych masach \u2013 zar\u00f3wno tych mniejszych, jak i wi\u0119kszych wymagaj\u0105cych wi\u0119kszego zaanga\u017cowania technicznego i czasowego. Na \u017cyczenie Klienta mo\u017cemy wykona\u0107 penetracj\u0119 i ultrad\u017awi\u0119kow\u0105 ochron\u0119 powierzchni polegaj\u0105c\u0105 na piaskowaniu i malowaniu wed\u0142ug specyfikacji. Dzi\u0119ki do\u015bwiadczeniu zdobytemu w bran\u017cy medycznej jeste\u015bmy przygotowani do obs\u0142ugi innych, r\u00f3wnie wymagaj\u0105cych bran\u017c, w kt\u00f3rych jako\u015b\u0107 obr\u00f3bki i monta\u017cu jest najwa\u017cniejszym czynnikiem przy wyborze producenta. W Recomedic mo\u017cemy spawa\u0107 wszelkiego rodzaju cz\u0119\u015bci i konstrukcje w elastyczny i ekonomiczny spos\u00f3b.<\/p>\n<p><!--more--><\/p>\n<h2>Spawanie i piaskowanie &#8211; technologie<\/h2>\n<p>W celu \u015bwiadczenia us\u0142ug spawalniczych Recomedic wykorzystuje szereg nowoczesnych technologii. Korzystamy z rozwi\u0105za\u0144 oprogramowania SOLIDWORKS 3D CAD, aby upro\u015bci\u0107 i poprawi\u0107 wyniki naszej pracy. Wsp\u00f3\u0142pracuj\u0105c z do\u015bwiadczonymi in\u017cynierami i operatorami jeste\u015bmy w stanie sprosta\u0107 coraz bardziej wymagaj\u0105cych projektom. Dzi\u0119ki zastosowaniu wysoce zaawansowanych metod Recomedic jest w stanie stworzy\u0107 rozwi\u0105zania najbardziej optymalne dla Klienta.<\/p>\n<h3>Zastosowanie technik spawalniczych<\/h3>\n<p>Spawanie s\u0142u\u017cy do tworzenia zr\u00f3\u017cnicowanych przedmiot\u00f3w. Nasze us\u0142ugi dotycz\u0105 g\u0142\u00f3wnie produkcji z zakresu sprz\u0119tu medycznego, aparatury rehabilitacyjnej oraz cz\u0119\u015bci i akcesori\u00f3w do w\u00f3zk\u00f3w inwalidzkich.<\/p>\n<h2>Gdzie \u015bwiadczymy us\u0142ugi spawalnicze?<\/h2>\n<p>Recomedic \u015bwiadczy wysokiej jako\u015bci us\u0142ugi spawalnicze na terenie ca\u0142ej Europy. Wsp\u00f3\u0142pracujemy g\u0142\u00f3wnie z plac\u00f3wkami medycznymi, szpitalami, przychodniami, o\u015brodkami zdrowia, hospicjami, czy o\u015brodkami rehabilitacyjnymi z Niemiec, Holandii, Norwegii i Wielkiej Brytanii.<\/p>\n<h2>Jak \u015bwiadczymy us\u0142ugi spawalnicze?<\/h2>\n<p>W Recomedic \u015bwiadczymy us\u0142ugi spawania w oparciu o umow\u0119 produkcyjn\u0105, wed\u0142ug ustale\u0144 typowych dla tego typu modelu biznesowego.<\/p>\n<h2>Us\u0142ugi spawalnicze i piaskowanie dla produkt\u00f3w medycznych w Recomedic<\/h2>\n<p>Recomedic to renomowany producent sprz\u0119tu medycznego i dostawca us\u0142ug. Oferujemy cz\u0119\u015bci na zam\u00f3wienie, produkowane wed\u0142ug specyfikacji dostarczonej przez Klienta. Jeste\u015bmy skrupulatni i zawsze gotowi s\u0142u\u017cy\u0107 Klientowi rad\u0105, a tak\u017ce odpowiedzie\u0107 na wszystkie pytania dotycz\u0105ce produkcji i serwisu. Dzi\u0119ki naszemu do\u015bwiadczeniu jeste\u015bmy w stanie od pocz\u0105tku wsp\u00f3\u0142pracy wspiera\u0107 naszych klient\u00f3w w znalezieniu optymalnych rozwi\u0105za\u0144 dla ich projekt\u00f3w. Niezale\u017cnie od tego, czy \u015bwiadczymy us\u0142ugi, tworzymy pojedyncze komponenty czy kompletne produkty, naszym celem jest oferowanie spersonalizowanych rozwi\u0105za\u0144, zaprojektowanych tak, aby jak najlepiej odpowiada\u0107 indywidualnym potrzebom Klienta. Opr\u00f3cz spawania \u015bwiadczymy inne us\u0142ugi, takie jak obr\u00f3bka powierzchniowa (np. piaskowanie metalu), polerowanie, szlifowanie, docieranie, honowanie, obr\u00f3bka cieplna i znakowanie laserowe.<\/p>\n<p><strong>Zobacz r\u00f3wnie\u017c inne nasze us\u0142ugi:<\/strong><\/p>\n<p><a href=\"https:\/\/recomedic.com\/pl\/produkty\/toczenie\/\">Toczenie<\/a><br \/>\n<a href=\"https:\/\/recomedic.com\/pl\/produkty\/frezowanie\/\">Frezowanie<\/a><br \/>\n<a href=\"https:\/\/recomedic.com\/pl\/produkty\/ciecie-laserowe\/\">Ci\u0119cie laserowe<\/a><\/p>\n","protected":false},"excerpt":{"rendered":"<p>Us\u0142ugi spawalnicze i piaskowania Spawanie to proces produkcyjny stosowany do \u0142\u0105czenia cz\u0119\u015bci metalowych lub z tworzyw termoplastycznych z u\u017cyciem wysokiej temperatury. W Recomedic \u015bwiadczymy us\u0142ugi spawalnicze, opieraj\u0105c si\u0119 na do\u015bwiadczeniu certyfikowanych i do\u015bwiadczonych spawaczy. Oferujemy elementy spawane o r\u00f3\u017cnych masach \u2013 zar\u00f3wno tych mniejszych, jak i wi\u0119kszych wymagaj\u0105cych wi\u0119kszego zaanga\u017cowania technicznego i czasowego. Na \u017cyczenie [&hellip;]<\/p>\n","protected":false},"author":1,"featured_media":88,"parent":46,"menu_order":3,"comment_status":"closed","ping_status":"closed","template":"","meta":{"_acf_changed":false,"footnotes":""},"class_list":["post-52","page","type-page","status-publish","has-post-thumbnail","hentry"],"acf":[],"yoast_head":"<!-- This site is optimized with the Yoast SEO plugin v27.6 - https:\/\/yoast.com\/product\/yoast-seo-wordpress\/ -->\n<title>Us\u0142ugi spawalnicze i piaskowanie metali | Recomedic<\/title>\n<meta name=\"description\" content=\"Tw\u00f3j partner w zakresie us\u0142ug spawalniczych i piaskowania metali. Wysoka jako\u015b\u0107\u00a0us\u0142ug i bogate do\u015bwiadczenie.\" \/>\n<meta name=\"robots\" content=\"index, follow, max-snippet:-1, max-image-preview:large, max-video-preview:-1\" \/>\n<link rel=\"canonical\" href=\"https:\/\/recomedic.com\/pl\/produkty\/spawanie\/\" \/>\n<meta property=\"og:locale\" content=\"pl_PL\" \/>\n<meta property=\"og:type\" content=\"article\" \/>\n<meta property=\"og:title\" content=\"Us\u0142ugi spawalnicze i piaskowanie metali | Recomedic\" \/>\n<meta property=\"og:description\" content=\"Tw\u00f3j partner w zakresie us\u0142ug spawalniczych i piaskowania metali. Wysoka jako\u015b\u0107\u00a0us\u0142ug i bogate do\u015bwiadczenie.\" \/>\n<meta property=\"og:url\" content=\"https:\/\/recomedic.com\/pl\/produkty\/spawanie\/\" \/>\n<meta property=\"og:site_name\" content=\"Recomedic\" \/>\n<meta property=\"article:publisher\" content=\"https:\/\/www.facebook.com\/recomedic\" \/>\n<meta property=\"article:modified_time\" content=\"2025-08-08T17:48:27+00:00\" \/>\n<meta property=\"og:image\" content=\"https:\/\/recomedic.com\/wp-content\/themes\/recomedic2024\/img\/recomedic-og-image.jpg\" \/>\n\t<meta property=\"og:image:width\" content=\"1920\" \/>\n\t<meta property=\"og:image:height\" content=\"1177\" \/>\n\t<meta property=\"og:image:type\" content=\"image\/jpeg\" \/>\n<meta name=\"twitter:card\" content=\"summary_large_image\" \/>\n<meta name=\"twitter:site\" content=\"@recomedic\" \/>\n<meta name=\"twitter:label1\" content=\"Szacowany czas czytania\" \/>\n\t<meta name=\"twitter:data1\" content=\"2 minuty\" \/>\n<script type=\"application\/ld+json\" class=\"yoast-schema-graph\">{\"@context\":\"https:\\\/\\\/schema.org\",\"@graph\":[{\"@type\":\"WebPage\",\"@id\":\"https:\\\/\\\/recomedic.com\\\/pl\\\/produkty\\\/spawanie\\\/\",\"url\":\"https:\\\/\\\/recomedic.com\\\/pl\\\/produkty\\\/spawanie\\\/\",\"name\":\"Us\u0142ugi spawalnicze i piaskowanie metali | Recomedic\",\"isPartOf\":{\"@id\":\"https:\\\/\\\/recomedic.com\\\/#website\"},\"primaryImageOfPage\":{\"@id\":\"https:\\\/\\\/recomedic.com\\\/pl\\\/produkty\\\/spawanie\\\/#primaryimage\"},\"image\":{\"@id\":\"https:\\\/\\\/recomedic.com\\\/pl\\\/produkty\\\/spawanie\\\/#primaryimage\"},\"thumbnailUrl\":\"https:\\\/\\\/recomedic.com\\\/wp-content\\\/uploads\\\/2018\\\/07\\\/Product-WELDING-SERVICES.jpg\",\"datePublished\":\"2018-07-26T15:36:56+00:00\",\"dateModified\":\"2025-08-08T17:48:27+00:00\",\"description\":\"Tw\u00f3j partner w zakresie us\u0142ug spawalniczych i piaskowania metali. Wysoka jako\u015b\u0107\u00a0us\u0142ug i bogate do\u015bwiadczenie.\",\"breadcrumb\":{\"@id\":\"https:\\\/\\\/recomedic.com\\\/pl\\\/produkty\\\/spawanie\\\/#breadcrumb\"},\"inLanguage\":\"pl-PL\",\"potentialAction\":[{\"@type\":\"ReadAction\",\"target\":[\"https:\\\/\\\/recomedic.com\\\/pl\\\/produkty\\\/spawanie\\\/\"]}]},{\"@type\":\"ImageObject\",\"inLanguage\":\"pl-PL\",\"@id\":\"https:\\\/\\\/recomedic.com\\\/pl\\\/produkty\\\/spawanie\\\/#primaryimage\",\"url\":\"https:\\\/\\\/recomedic.com\\\/wp-content\\\/uploads\\\/2018\\\/07\\\/Product-WELDING-SERVICES.jpg\",\"contentUrl\":\"https:\\\/\\\/recomedic.com\\\/wp-content\\\/uploads\\\/2018\\\/07\\\/Product-WELDING-SERVICES.jpg\",\"width\":1920,\"height\":1177,\"caption\":\"test\"},{\"@type\":\"BreadcrumbList\",\"@id\":\"https:\\\/\\\/recomedic.com\\\/pl\\\/produkty\\\/spawanie\\\/#breadcrumb\",\"itemListElement\":[{\"@type\":\"ListItem\",\"position\":1,\"name\":\"Home\",\"item\":\"https:\\\/\\\/recomedic.com\\\/pl\\\/\"},{\"@type\":\"ListItem\",\"position\":2,\"name\":\"Produkty\",\"item\":\"https:\\\/\\\/recomedic.com\\\/pl\\\/produkty\\\/\"},{\"@type\":\"ListItem\",\"position\":3,\"name\":\"Spawanie\"}]},{\"@type\":\"WebSite\",\"@id\":\"https:\\\/\\\/recomedic.com\\\/#website\",\"url\":\"https:\\\/\\\/recomedic.com\\\/\",\"name\":\"Recomedic\",\"description\":\"Recomedic - Industrial solutions\",\"publisher\":{\"@id\":\"https:\\\/\\\/recomedic.com\\\/#organization\"},\"potentialAction\":[{\"@type\":\"SearchAction\",\"target\":{\"@type\":\"EntryPoint\",\"urlTemplate\":\"https:\\\/\\\/recomedic.com\\\/?s={search_term_string}\"},\"query-input\":{\"@type\":\"PropertyValueSpecification\",\"valueRequired\":true,\"valueName\":\"search_term_string\"}}],\"inLanguage\":\"pl-PL\"},{\"@type\":\"Organization\",\"@id\":\"https:\\\/\\\/recomedic.com\\\/#organization\",\"name\":\"Recomedic Damian M\u0105cznik Sp. k.\",\"alternateName\":\"Recomedic\",\"url\":\"https:\\\/\\\/recomedic.com\\\/\",\"logo\":{\"@type\":\"ImageObject\",\"inLanguage\":\"pl-PL\",\"@id\":\"https:\\\/\\\/recomedic.com\\\/#\\\/schema\\\/logo\\\/image\\\/\",\"url\":\"https:\\\/\\\/recomedic.com\\\/wp-content\\\/uploads\\\/2023\\\/09\\\/rcm_logo_400x400.jpg\",\"contentUrl\":\"https:\\\/\\\/recomedic.com\\\/wp-content\\\/uploads\\\/2023\\\/09\\\/rcm_logo_400x400.jpg\",\"width\":400,\"height\":400,\"caption\":\"Recomedic Damian M\u0105cznik Sp. k.\"},\"image\":{\"@id\":\"https:\\\/\\\/recomedic.com\\\/#\\\/schema\\\/logo\\\/image\\\/\"},\"sameAs\":[\"https:\\\/\\\/www.facebook.com\\\/recomedic\",\"https:\\\/\\\/x.com\\\/recomedic\"]}]}<\/script>\n<!-- \/ Yoast SEO plugin. -->","yoast_head_json":{"title":"Us\u0142ugi spawalnicze i piaskowanie metali | Recomedic","description":"Tw\u00f3j partner w zakresie us\u0142ug spawalniczych i piaskowania metali. Wysoka jako\u015b\u0107\u00a0us\u0142ug i bogate do\u015bwiadczenie.","robots":{"index":"index","follow":"follow","max-snippet":"max-snippet:-1","max-image-preview":"max-image-preview:large","max-video-preview":"max-video-preview:-1"},"canonical":"https:\/\/recomedic.com\/pl\/produkty\/spawanie\/","og_locale":"pl_PL","og_type":"article","og_title":"Us\u0142ugi spawalnicze i piaskowanie metali | Recomedic","og_description":"Tw\u00f3j partner w zakresie us\u0142ug spawalniczych i piaskowania metali. Wysoka jako\u015b\u0107\u00a0us\u0142ug i bogate do\u015bwiadczenie.","og_url":"https:\/\/recomedic.com\/pl\/produkty\/spawanie\/","og_site_name":"Recomedic","article_publisher":"https:\/\/www.facebook.com\/recomedic","article_modified_time":"2025-08-08T17:48:27+00:00","og_image":[{"width":1920,"height":1177,"url":"https:\/\/recomedic.com\/wp-content\/themes\/recomedic2024\/img\/recomedic-og-image.jpg","type":"image\/jpeg"}],"twitter_card":"summary_large_image","twitter_site":"@recomedic","twitter_misc":{"Szacowany czas czytania":"2 minuty"},"schema":{"@context":"https:\/\/schema.org","@graph":[{"@type":"WebPage","@id":"https:\/\/recomedic.com\/pl\/produkty\/spawanie\/","url":"https:\/\/recomedic.com\/pl\/produkty\/spawanie\/","name":"Us\u0142ugi spawalnicze i piaskowanie metali | Recomedic","isPartOf":{"@id":"https:\/\/recomedic.com\/#website"},"primaryImageOfPage":{"@id":"https:\/\/recomedic.com\/pl\/produkty\/spawanie\/#primaryimage"},"image":{"@id":"https:\/\/recomedic.com\/pl\/produkty\/spawanie\/#primaryimage"},"thumbnailUrl":"https:\/\/recomedic.com\/wp-content\/uploads\/2018\/07\/Product-WELDING-SERVICES.jpg","datePublished":"2018-07-26T15:36:56+00:00","dateModified":"2025-08-08T17:48:27+00:00","description":"Tw\u00f3j partner w zakresie us\u0142ug spawalniczych i piaskowania metali. Wysoka jako\u015b\u0107\u00a0us\u0142ug i bogate do\u015bwiadczenie.","breadcrumb":{"@id":"https:\/\/recomedic.com\/pl\/produkty\/spawanie\/#breadcrumb"},"inLanguage":"pl-PL","potentialAction":[{"@type":"ReadAction","target":["https:\/\/recomedic.com\/pl\/produkty\/spawanie\/"]}]},{"@type":"ImageObject","inLanguage":"pl-PL","@id":"https:\/\/recomedic.com\/pl\/produkty\/spawanie\/#primaryimage","url":"https:\/\/recomedic.com\/wp-content\/uploads\/2018\/07\/Product-WELDING-SERVICES.jpg","contentUrl":"https:\/\/recomedic.com\/wp-content\/uploads\/2018\/07\/Product-WELDING-SERVICES.jpg","width":1920,"height":1177,"caption":"test"},{"@type":"BreadcrumbList","@id":"https:\/\/recomedic.com\/pl\/produkty\/spawanie\/#breadcrumb","itemListElement":[{"@type":"ListItem","position":1,"name":"Home","item":"https:\/\/recomedic.com\/pl\/"},{"@type":"ListItem","position":2,"name":"Produkty","item":"https:\/\/recomedic.com\/pl\/produkty\/"},{"@type":"ListItem","position":3,"name":"Spawanie"}]},{"@type":"WebSite","@id":"https:\/\/recomedic.com\/#website","url":"https:\/\/recomedic.com\/","name":"Recomedic","description":"Recomedic - Industrial solutions","publisher":{"@id":"https:\/\/recomedic.com\/#organization"},"potentialAction":[{"@type":"SearchAction","target":{"@type":"EntryPoint","urlTemplate":"https:\/\/recomedic.com\/?s={search_term_string}"},"query-input":{"@type":"PropertyValueSpecification","valueRequired":true,"valueName":"search_term_string"}}],"inLanguage":"pl-PL"},{"@type":"Organization","@id":"https:\/\/recomedic.com\/#organization","name":"Recomedic Damian M\u0105cznik Sp. k.","alternateName":"Recomedic","url":"https:\/\/recomedic.com\/","logo":{"@type":"ImageObject","inLanguage":"pl-PL","@id":"https:\/\/recomedic.com\/#\/schema\/logo\/image\/","url":"https:\/\/recomedic.com\/wp-content\/uploads\/2023\/09\/rcm_logo_400x400.jpg","contentUrl":"https:\/\/recomedic.com\/wp-content\/uploads\/2023\/09\/rcm_logo_400x400.jpg","width":400,"height":400,"caption":"Recomedic Damian M\u0105cznik Sp. k."},"image":{"@id":"https:\/\/recomedic.com\/#\/schema\/logo\/image\/"},"sameAs":["https:\/\/www.facebook.com\/recomedic","https:\/\/x.com\/recomedic"]}]}},"_links":{"self":[{"href":"https:\/\/recomedic.com\/pl\/wp-json\/wp\/v2\/pages\/52","targetHints":{"allow":["GET"]}}],"collection":[{"href":"https:\/\/recomedic.com\/pl\/wp-json\/wp\/v2\/pages"}],"about":[{"href":"https:\/\/recomedic.com\/pl\/wp-json\/wp\/v2\/types\/page"}],"author":[{"embeddable":true,"href":"https:\/\/recomedic.com\/pl\/wp-json\/wp\/v2\/users\/1"}],"replies":[{"embeddable":true,"href":"https:\/\/recomedic.com\/pl\/wp-json\/wp\/v2\/comments?post=52"}],"version-history":[{"count":13,"href":"https:\/\/recomedic.com\/pl\/wp-json\/wp\/v2\/pages\/52\/revisions"}],"predecessor-version":[{"id":1426,"href":"https:\/\/recomedic.com\/pl\/wp-json\/wp\/v2\/pages\/52\/revisions\/1426"}],"up":[{"embeddable":true,"href":"https:\/\/recomedic.com\/pl\/wp-json\/wp\/v2\/pages\/46"}],"wp:featuredmedia":[{"embeddable":true,"href":"https:\/\/recomedic.com\/pl\/wp-json\/wp\/v2\/media\/88"}],"wp:attachment":[{"href":"https:\/\/recomedic.com\/pl\/wp-json\/wp\/v2\/media?parent=52"}],"curies":[{"name":"wp","href":"https:\/\/api.w.org\/{rel}","templated":true}]}}