{"id":50,"date":"2018-07-26T15:36:42","date_gmt":"2018-07-26T15:36:42","guid":{"rendered":"http:\/\/rcm.relacje.hostingasp.pl\/?page_id=50"},"modified":"2025-08-08T17:47:49","modified_gmt":"2025-08-08T17:47:49","slug":"frezowanie","status":"publish","type":"page","link":"https:\/\/recomedic.com\/pl\/produkty\/frezowanie\/","title":{"rendered":"Frezowanie"},"content":{"rendered":"<h2>Us\u0142ugi frezowania CNC<\/h2>\n<p>Frezowanie to proces produkcyjny wykorzystuj\u0105cy narz\u0119dzie skrawaj\u0105ce zamontowane na obracaj\u0105cym si\u0119 wrzecionie. Metoda ta polega na usuwaniu wierzchnich warstw materia\u0142u w celu dostosowania wymiar\u00f3w oraz kszta\u0142tu obrabianego komponentu. Podczas frezowania CNC obrabiany przedmiot mocowany jest do sto\u0142u, kt\u00f3ry porusza si\u0119 i obraca w r\u00f3\u017cnych p\u0142aszczyznach, dzi\u0119ki czemu narz\u0119dzie mo\u017ce pracowa\u0107 pod r\u00f3\u017cnymi k\u0105tami.<\/p>\n<p><!--more--><\/p>\n<h3>Us\u0142ugi frezarskie \u2013 zalety<\/h3>\n<p>Ten proces produkcyjny zapewnia:<\/p>\n<ul>\n<li>dok\u0142adno\u015b\u0107 i precyzj\u0119 potrzebn\u0105 przy tworzeniu skomplikowanych kszta\u0142t\u00f3w i wzor\u00f3w,<\/li>\n<li>automatyzacj\u0119 i szybkie czasy realizacji,<\/li>\n<li>niezawodno\u015b\u0107 i sta\u0142\u0105 jako\u015b\u0107 dzi\u0119ki regularno\u015bcii powtarzalno\u015bci produkcji,<\/li>\n<li>zmniejszenie zu\u017cycia odpad\u00f3w i materia\u0142\u00f3w,<\/li>\n<li>efektywn\u0105 produkcj\u0119 ma\u0142ych lub du\u017cych partii komponent\u00f3w przy stosunkowo niskim koszcie,<\/li>\n<li>zaawansowane wyko\u0144czenia powierzchni i r\u00f3\u017cne rodzaje tekstur.<\/li>\n<\/ul>\n<h2>Zastosowanie us\u0142ug frezowania CNC w dziedzinie medycyny<\/h2>\n<p>Us\u0142ugi frezowania CNC umo\u017cliwiaj\u0105 produkcj\u0119 sprz\u0119tu medycznego z szerokiej gamy materia\u0142\u00f3w \u2013 stali chirurgicznej, tytanu, polipropylenu i polietylenu. Umo\u017cliwiaj\u0105 r\u00f3wnie\u017c wytwarzanie cz\u0119\u015bci z wyj\u0105tkowo wysok\u0105 tolerancj\u0105 pozwalaj\u0105c\u0105 na lepsze dopasowanie sprz\u0119tu medycznego oraz zapewniaj\u0105c, \u017ce ma\u0142e cz\u0119\u015bci dok\u0142adnie do siebie pasuj\u0105 i dzia\u0142aj\u0105 zgodnie z przeznaczeniem. Precyzyjne frezowanie doprowadzi\u0142o do zmniejszenia urz\u0105dze\u0144, a tak\u017ce zapewni\u0142o projektantom mo\u017cliwo\u015b\u0107 tworzenia spersonalizowanych projekt\u00f3w. Kr\u00f3tko m\u00f3wi\u0105c, zastosowanie us\u0142ug frezowania CNC w medycynie umo\u017cliwia produkcj\u0119 bardzo precyzyjnych urz\u0105dze\u0144, kt\u00f3re s\u0105 w stanie odpowiedzie\u0107 na indywidualne potrzeby u\u017cytkownika, znacznie poprawiaj\u0105c jego jako\u015b\u0107 \u017cycia.<\/p>\n<h2>Znaczenie cz\u0119\u015bci frezowanych dla jako\u015bci sprz\u0119tu medycznego<\/h2>\n<p>Frezowanie CNC zapewnia precyzyjne i g\u0142adkie powierzchnie, co czyni je doskona\u0142\u0105 technik\u0105 do produkcji kluczowych komponent\u00f3w. Cz\u0119\u015bci frezowane odgrywaj\u0105 wa\u017cn\u0105 rol\u0119 w procesie dostosowania sprz\u0119tu medycznego do indywidualnych potrzeb u\u017cytkownika. Poprawiaj\u0105 bezpiecze\u0144stwo wyrob\u00f3w medycznych oraz mog\u0105 wp\u0142ywa\u0107 na mobilno\u015b\u0107 pacjent\u00f3w niepe\u0142nosprawnych, pozwalaj\u0105c im na wi\u0119ksz\u0105 niezale\u017cno\u015b\u0107.<\/p>\n<p><strong>Zobacz r\u00f3wnie\u017c inne nasze us\u0142ugi:<\/strong><\/p>\n<p><a href=\"https:\/\/recomedic.com\/pl\/produkty\/toczenie\/\">Toczenie<\/a><br \/>\n<a href=\"https:\/\/recomedic.com\/pl\/produkty\/giecie\/\">Gi\u0119cie<\/a><br \/>\n<a href=\"https:\/\/recomedic.com\/pl\/produkty\/ciecie-laserowe\/\">Ci\u0119cie laserowe<\/a><\/p>\n","protected":false},"excerpt":{"rendered":"<p>Us\u0142ugi frezowania CNC Frezowanie to proces produkcyjny wykorzystuj\u0105cy narz\u0119dzie skrawaj\u0105ce zamontowane na obracaj\u0105cym si\u0119 wrzecionie. Metoda ta polega na usuwaniu wierzchnich warstw materia\u0142u w celu dostosowania wymiar\u00f3w oraz kszta\u0142tu obrabianego komponentu. Podczas frezowania CNC obrabiany przedmiot mocowany jest do sto\u0142u, kt\u00f3ry porusza si\u0119 i obraca w r\u00f3\u017cnych p\u0142aszczyznach, dzi\u0119ki czemu narz\u0119dzie mo\u017ce pracowa\u0107 pod r\u00f3\u017cnymi [&hellip;]<\/p>\n","protected":false},"author":1,"featured_media":82,"parent":46,"menu_order":2,"comment_status":"closed","ping_status":"closed","template":"","meta":{"_acf_changed":false,"footnotes":""},"class_list":["post-50","page","type-page","status-publish","has-post-thumbnail","hentry"],"acf":[],"yoast_head":"<!-- This site is optimized with the Yoast SEO plugin v27.6 - https:\/\/yoast.com\/product\/yoast-seo-wordpress\/ -->\n<title>Frezowanie CNC | Recomedic<\/title>\n<meta name=\"description\" content=\"W Recomedic specjalizujemy si\u0119 w us\u0142ugach frezowania precyzyjnego. Oferujemy wysokiej jako\u015bci cz\u0119\u015bci frezowane m.in. do wyrob\u00f3w medycznych.\" \/>\n<meta name=\"robots\" content=\"index, follow, max-snippet:-1, max-image-preview:large, max-video-preview:-1\" \/>\n<link rel=\"canonical\" href=\"https:\/\/recomedic.com\/pl\/produkty\/frezowanie\/\" \/>\n<meta property=\"og:locale\" content=\"pl_PL\" \/>\n<meta property=\"og:type\" content=\"article\" \/>\n<meta property=\"og:title\" content=\"Frezowanie CNC | Recomedic\" \/>\n<meta property=\"og:description\" content=\"W Recomedic specjalizujemy si\u0119 w us\u0142ugach frezowania precyzyjnego. Oferujemy wysokiej jako\u015bci cz\u0119\u015bci frezowane m.in. do wyrob\u00f3w medycznych.\" \/>\n<meta property=\"og:url\" content=\"https:\/\/recomedic.com\/pl\/produkty\/frezowanie\/\" \/>\n<meta property=\"og:site_name\" content=\"Recomedic\" \/>\n<meta property=\"article:publisher\" content=\"https:\/\/www.facebook.com\/recomedic\" \/>\n<meta property=\"article:modified_time\" content=\"2025-08-08T17:47:49+00:00\" \/>\n<meta property=\"og:image\" content=\"https:\/\/recomedic.com\/wp-content\/themes\/recomedic2024\/img\/recomedic-og-image.jpg\" \/>\n\t<meta property=\"og:image:width\" content=\"1920\" \/>\n\t<meta property=\"og:image:height\" content=\"1177\" \/>\n\t<meta property=\"og:image:type\" content=\"image\/jpeg\" \/>\n<meta name=\"twitter:card\" content=\"summary_large_image\" \/>\n<meta name=\"twitter:site\" content=\"@recomedic\" \/>\n<meta name=\"twitter:label1\" content=\"Szacowany czas czytania\" \/>\n\t<meta name=\"twitter:data1\" content=\"2 minuty\" \/>\n<script type=\"application\/ld+json\" class=\"yoast-schema-graph\">{\"@context\":\"https:\\\/\\\/schema.org\",\"@graph\":[{\"@type\":\"WebPage\",\"@id\":\"https:\\\/\\\/recomedic.com\\\/pl\\\/produkty\\\/frezowanie\\\/\",\"url\":\"https:\\\/\\\/recomedic.com\\\/pl\\\/produkty\\\/frezowanie\\\/\",\"name\":\"Frezowanie CNC | Recomedic\",\"isPartOf\":{\"@id\":\"https:\\\/\\\/recomedic.com\\\/#website\"},\"primaryImageOfPage\":{\"@id\":\"https:\\\/\\\/recomedic.com\\\/pl\\\/produkty\\\/frezowanie\\\/#primaryimage\"},\"image\":{\"@id\":\"https:\\\/\\\/recomedic.com\\\/pl\\\/produkty\\\/frezowanie\\\/#primaryimage\"},\"thumbnailUrl\":\"https:\\\/\\\/recomedic.com\\\/wp-content\\\/uploads\\\/2018\\\/07\\\/Product-MILLING-SERVICES.jpg\",\"datePublished\":\"2018-07-26T15:36:42+00:00\",\"dateModified\":\"2025-08-08T17:47:49+00:00\",\"description\":\"W Recomedic specjalizujemy si\u0119 w us\u0142ugach frezowania precyzyjnego. Oferujemy wysokiej jako\u015bci cz\u0119\u015bci frezowane m.in. do wyrob\u00f3w medycznych.\",\"breadcrumb\":{\"@id\":\"https:\\\/\\\/recomedic.com\\\/pl\\\/produkty\\\/frezowanie\\\/#breadcrumb\"},\"inLanguage\":\"pl-PL\",\"potentialAction\":[{\"@type\":\"ReadAction\",\"target\":[\"https:\\\/\\\/recomedic.com\\\/pl\\\/produkty\\\/frezowanie\\\/\"]}]},{\"@type\":\"ImageObject\",\"inLanguage\":\"pl-PL\",\"@id\":\"https:\\\/\\\/recomedic.com\\\/pl\\\/produkty\\\/frezowanie\\\/#primaryimage\",\"url\":\"https:\\\/\\\/recomedic.com\\\/wp-content\\\/uploads\\\/2018\\\/07\\\/Product-MILLING-SERVICES.jpg\",\"contentUrl\":\"https:\\\/\\\/recomedic.com\\\/wp-content\\\/uploads\\\/2018\\\/07\\\/Product-MILLING-SERVICES.jpg\",\"width\":1920,\"height\":1177},{\"@type\":\"BreadcrumbList\",\"@id\":\"https:\\\/\\\/recomedic.com\\\/pl\\\/produkty\\\/frezowanie\\\/#breadcrumb\",\"itemListElement\":[{\"@type\":\"ListItem\",\"position\":1,\"name\":\"Home\",\"item\":\"https:\\\/\\\/recomedic.com\\\/pl\\\/\"},{\"@type\":\"ListItem\",\"position\":2,\"name\":\"Produkty\",\"item\":\"https:\\\/\\\/recomedic.com\\\/pl\\\/produkty\\\/\"},{\"@type\":\"ListItem\",\"position\":3,\"name\":\"Frezowanie\"}]},{\"@type\":\"WebSite\",\"@id\":\"https:\\\/\\\/recomedic.com\\\/#website\",\"url\":\"https:\\\/\\\/recomedic.com\\\/\",\"name\":\"Recomedic\",\"description\":\"Recomedic - Industrial solutions\",\"publisher\":{\"@id\":\"https:\\\/\\\/recomedic.com\\\/#organization\"},\"potentialAction\":[{\"@type\":\"SearchAction\",\"target\":{\"@type\":\"EntryPoint\",\"urlTemplate\":\"https:\\\/\\\/recomedic.com\\\/?s={search_term_string}\"},\"query-input\":{\"@type\":\"PropertyValueSpecification\",\"valueRequired\":true,\"valueName\":\"search_term_string\"}}],\"inLanguage\":\"pl-PL\"},{\"@type\":\"Organization\",\"@id\":\"https:\\\/\\\/recomedic.com\\\/#organization\",\"name\":\"Recomedic Damian M\u0105cznik Sp. k.\",\"alternateName\":\"Recomedic\",\"url\":\"https:\\\/\\\/recomedic.com\\\/\",\"logo\":{\"@type\":\"ImageObject\",\"inLanguage\":\"pl-PL\",\"@id\":\"https:\\\/\\\/recomedic.com\\\/#\\\/schema\\\/logo\\\/image\\\/\",\"url\":\"https:\\\/\\\/recomedic.com\\\/wp-content\\\/uploads\\\/2023\\\/09\\\/rcm_logo_400x400.jpg\",\"contentUrl\":\"https:\\\/\\\/recomedic.com\\\/wp-content\\\/uploads\\\/2023\\\/09\\\/rcm_logo_400x400.jpg\",\"width\":400,\"height\":400,\"caption\":\"Recomedic Damian M\u0105cznik Sp. k.\"},\"image\":{\"@id\":\"https:\\\/\\\/recomedic.com\\\/#\\\/schema\\\/logo\\\/image\\\/\"},\"sameAs\":[\"https:\\\/\\\/www.facebook.com\\\/recomedic\",\"https:\\\/\\\/x.com\\\/recomedic\"]}]}<\/script>\n<!-- \/ Yoast SEO plugin. -->","yoast_head_json":{"title":"Frezowanie CNC | Recomedic","description":"W Recomedic specjalizujemy si\u0119 w us\u0142ugach frezowania precyzyjnego. Oferujemy wysokiej jako\u015bci cz\u0119\u015bci frezowane m.in. do wyrob\u00f3w medycznych.","robots":{"index":"index","follow":"follow","max-snippet":"max-snippet:-1","max-image-preview":"max-image-preview:large","max-video-preview":"max-video-preview:-1"},"canonical":"https:\/\/recomedic.com\/pl\/produkty\/frezowanie\/","og_locale":"pl_PL","og_type":"article","og_title":"Frezowanie CNC | Recomedic","og_description":"W Recomedic specjalizujemy si\u0119 w us\u0142ugach frezowania precyzyjnego. Oferujemy wysokiej jako\u015bci cz\u0119\u015bci frezowane m.in. do wyrob\u00f3w medycznych.","og_url":"https:\/\/recomedic.com\/pl\/produkty\/frezowanie\/","og_site_name":"Recomedic","article_publisher":"https:\/\/www.facebook.com\/recomedic","article_modified_time":"2025-08-08T17:47:49+00:00","og_image":[{"width":1920,"height":1177,"url":"https:\/\/recomedic.com\/wp-content\/themes\/recomedic2024\/img\/recomedic-og-image.jpg","type":"image\/jpeg"}],"twitter_card":"summary_large_image","twitter_site":"@recomedic","twitter_misc":{"Szacowany czas czytania":"2 minuty"},"schema":{"@context":"https:\/\/schema.org","@graph":[{"@type":"WebPage","@id":"https:\/\/recomedic.com\/pl\/produkty\/frezowanie\/","url":"https:\/\/recomedic.com\/pl\/produkty\/frezowanie\/","name":"Frezowanie CNC | Recomedic","isPartOf":{"@id":"https:\/\/recomedic.com\/#website"},"primaryImageOfPage":{"@id":"https:\/\/recomedic.com\/pl\/produkty\/frezowanie\/#primaryimage"},"image":{"@id":"https:\/\/recomedic.com\/pl\/produkty\/frezowanie\/#primaryimage"},"thumbnailUrl":"https:\/\/recomedic.com\/wp-content\/uploads\/2018\/07\/Product-MILLING-SERVICES.jpg","datePublished":"2018-07-26T15:36:42+00:00","dateModified":"2025-08-08T17:47:49+00:00","description":"W Recomedic specjalizujemy si\u0119 w us\u0142ugach frezowania precyzyjnego. Oferujemy wysokiej jako\u015bci cz\u0119\u015bci frezowane m.in. do wyrob\u00f3w medycznych.","breadcrumb":{"@id":"https:\/\/recomedic.com\/pl\/produkty\/frezowanie\/#breadcrumb"},"inLanguage":"pl-PL","potentialAction":[{"@type":"ReadAction","target":["https:\/\/recomedic.com\/pl\/produkty\/frezowanie\/"]}]},{"@type":"ImageObject","inLanguage":"pl-PL","@id":"https:\/\/recomedic.com\/pl\/produkty\/frezowanie\/#primaryimage","url":"https:\/\/recomedic.com\/wp-content\/uploads\/2018\/07\/Product-MILLING-SERVICES.jpg","contentUrl":"https:\/\/recomedic.com\/wp-content\/uploads\/2018\/07\/Product-MILLING-SERVICES.jpg","width":1920,"height":1177},{"@type":"BreadcrumbList","@id":"https:\/\/recomedic.com\/pl\/produkty\/frezowanie\/#breadcrumb","itemListElement":[{"@type":"ListItem","position":1,"name":"Home","item":"https:\/\/recomedic.com\/pl\/"},{"@type":"ListItem","position":2,"name":"Produkty","item":"https:\/\/recomedic.com\/pl\/produkty\/"},{"@type":"ListItem","position":3,"name":"Frezowanie"}]},{"@type":"WebSite","@id":"https:\/\/recomedic.com\/#website","url":"https:\/\/recomedic.com\/","name":"Recomedic","description":"Recomedic - Industrial solutions","publisher":{"@id":"https:\/\/recomedic.com\/#organization"},"potentialAction":[{"@type":"SearchAction","target":{"@type":"EntryPoint","urlTemplate":"https:\/\/recomedic.com\/?s={search_term_string}"},"query-input":{"@type":"PropertyValueSpecification","valueRequired":true,"valueName":"search_term_string"}}],"inLanguage":"pl-PL"},{"@type":"Organization","@id":"https:\/\/recomedic.com\/#organization","name":"Recomedic Damian M\u0105cznik Sp. k.","alternateName":"Recomedic","url":"https:\/\/recomedic.com\/","logo":{"@type":"ImageObject","inLanguage":"pl-PL","@id":"https:\/\/recomedic.com\/#\/schema\/logo\/image\/","url":"https:\/\/recomedic.com\/wp-content\/uploads\/2023\/09\/rcm_logo_400x400.jpg","contentUrl":"https:\/\/recomedic.com\/wp-content\/uploads\/2023\/09\/rcm_logo_400x400.jpg","width":400,"height":400,"caption":"Recomedic Damian M\u0105cznik Sp. k."},"image":{"@id":"https:\/\/recomedic.com\/#\/schema\/logo\/image\/"},"sameAs":["https:\/\/www.facebook.com\/recomedic","https:\/\/x.com\/recomedic"]}]}},"_links":{"self":[{"href":"https:\/\/recomedic.com\/pl\/wp-json\/wp\/v2\/pages\/50","targetHints":{"allow":["GET"]}}],"collection":[{"href":"https:\/\/recomedic.com\/pl\/wp-json\/wp\/v2\/pages"}],"about":[{"href":"https:\/\/recomedic.com\/pl\/wp-json\/wp\/v2\/types\/page"}],"author":[{"embeddable":true,"href":"https:\/\/recomedic.com\/pl\/wp-json\/wp\/v2\/users\/1"}],"replies":[{"embeddable":true,"href":"https:\/\/recomedic.com\/pl\/wp-json\/wp\/v2\/comments?post=50"}],"version-history":[{"count":15,"href":"https:\/\/recomedic.com\/pl\/wp-json\/wp\/v2\/pages\/50\/revisions"}],"predecessor-version":[{"id":1424,"href":"https:\/\/recomedic.com\/pl\/wp-json\/wp\/v2\/pages\/50\/revisions\/1424"}],"up":[{"embeddable":true,"href":"https:\/\/recomedic.com\/pl\/wp-json\/wp\/v2\/pages\/46"}],"wp:featuredmedia":[{"embeddable":true,"href":"https:\/\/recomedic.com\/pl\/wp-json\/wp\/v2\/media\/82"}],"wp:attachment":[{"href":"https:\/\/recomedic.com\/pl\/wp-json\/wp\/v2\/media?parent=50"}],"curies":[{"name":"wp","href":"https:\/\/api.w.org\/{rel}","templated":true}]}}