{"id":34,"date":"2018-07-26T14:01:42","date_gmt":"2018-07-26T14:01:42","guid":{"rendered":"http:\/\/rcm.relacje.hostingasp.pl\/?page_id=34"},"modified":"2025-09-24T18:30:28","modified_gmt":"2025-09-24T18:30:28","slug":"strona-glowna","status":"publish","type":"page","link":"https:\/\/recomedic.com\/pl\/","title":{"rendered":"Mainpage"},"content":{"rendered":"","protected":false},"excerpt":{"rendered":"","protected":false},"author":1,"featured_media":0,"parent":0,"menu_order":0,"comment_status":"closed","ping_status":"closed","template":"","meta":{"_acf_changed":false,"footnotes":""},"class_list":["post-34","page","type-page","status-publish","hentry"],"acf":[],"yoast_head":"<!-- This site is optimized with the Yoast SEO plugin v27.4 - https:\/\/yoast.com\/product\/yoast-seo-wordpress\/ -->\n<title>Producent cz\u0119\u015bci do urz\u0105dze\u0144 medycznych | Recomedic<\/title>\n<meta name=\"description\" content=\"W Recomedic zajmujemy si\u0119 produkcj\u0105 pomocy rehabilitacyjnych oraz monta\u017cem wyrob\u00f3w medycznych. Sprawd\u017a nasz\u0105 ofert\u0119!\" \/>\n<meta name=\"robots\" content=\"index, follow, max-snippet:-1, max-image-preview:large, max-video-preview:-1\" \/>\n<link rel=\"canonical\" href=\"https:\/\/recomedic.com\/pl\/\" \/>\n<meta property=\"og:locale\" content=\"pl_PL\" \/>\n<meta property=\"og:type\" content=\"article\" \/>\n<meta property=\"og:title\" content=\"Producent cz\u0119\u015bci do urz\u0105dze\u0144 medycznych | Recomedic\" \/>\n<meta property=\"og:description\" content=\"W Recomedic zajmujemy si\u0119 produkcj\u0105 pomocy rehabilitacyjnych oraz monta\u017cem wyrob\u00f3w medycznych. Sprawd\u017a nasz\u0105 ofert\u0119!\" \/>\n<meta property=\"og:url\" content=\"https:\/\/recomedic.com\/pl\/\" \/>\n<meta property=\"og:site_name\" content=\"Recomedic\" \/>\n<meta property=\"article:publisher\" content=\"https:\/\/www.facebook.com\/recomedic\" \/>\n<meta property=\"article:modified_time\" content=\"2025-09-24T18:30:28+00:00\" \/>\n<meta property=\"og:image\" content=\"https:\/\/recomedic.com\/wp-content\/themes\/recomedic2024\/img\/recomedic-og-image.jpg\" \/>\n\t<meta property=\"og:image:width\" content=\"1200\" \/>\n\t<meta property=\"og:image:height\" content=\"630\" \/>\n\t<meta property=\"og:image:type\" content=\"image\/jpeg\" \/>\n<meta name=\"twitter:card\" content=\"summary_large_image\" \/>\n<meta name=\"twitter:site\" content=\"@recomedic\" \/>\n<script type=\"application\/ld+json\" class=\"yoast-schema-graph\">{\"@context\":\"https:\\\/\\\/schema.org\",\"@graph\":[{\"@type\":\"WebPage\",\"@id\":\"https:\\\/\\\/recomedic.com\\\/pl\\\/\",\"url\":\"https:\\\/\\\/recomedic.com\\\/pl\\\/\",\"name\":\"Producent cz\u0119\u015bci do urz\u0105dze\u0144 medycznych | Recomedic\",\"isPartOf\":{\"@id\":\"https:\\\/\\\/recomedic.com\\\/#website\"},\"datePublished\":\"2018-07-26T14:01:42+00:00\",\"dateModified\":\"2025-09-24T18:30:28+00:00\",\"description\":\"W Recomedic zajmujemy si\u0119 produkcj\u0105 pomocy rehabilitacyjnych oraz monta\u017cem wyrob\u00f3w medycznych. Sprawd\u017a nasz\u0105 ofert\u0119!\",\"breadcrumb\":{\"@id\":\"https:\\\/\\\/recomedic.com\\\/pl\\\/#breadcrumb\"},\"inLanguage\":\"pl-PL\",\"potentialAction\":[{\"@type\":\"ReadAction\",\"target\":[\"https:\\\/\\\/recomedic.com\\\/pl\\\/\"]}]},{\"@type\":\"BreadcrumbList\",\"@id\":\"https:\\\/\\\/recomedic.com\\\/pl\\\/#breadcrumb\",\"itemListElement\":[{\"@type\":\"ListItem\",\"position\":1,\"name\":\"Home\",\"item\":\"https:\\\/\\\/recomedic.com\\\/pl\\\/\"},{\"@type\":\"ListItem\",\"position\":2,\"name\":\"Mainpage\"}]},{\"@type\":\"WebSite\",\"@id\":\"https:\\\/\\\/recomedic.com\\\/#website\",\"url\":\"https:\\\/\\\/recomedic.com\\\/\",\"name\":\"Recomedic\",\"description\":\"Recomedic - Industrial solutions\",\"publisher\":{\"@id\":\"https:\\\/\\\/recomedic.com\\\/#organization\"},\"potentialAction\":[{\"@type\":\"SearchAction\",\"target\":{\"@type\":\"EntryPoint\",\"urlTemplate\":\"https:\\\/\\\/recomedic.com\\\/?s={search_term_string}\"},\"query-input\":{\"@type\":\"PropertyValueSpecification\",\"valueRequired\":true,\"valueName\":\"search_term_string\"}}],\"inLanguage\":\"pl-PL\"},{\"@type\":\"Organization\",\"@id\":\"https:\\\/\\\/recomedic.com\\\/#organization\",\"name\":\"Recomedic Damian M\u0105cznik Sp. k.\",\"alternateName\":\"Recomedic\",\"url\":\"https:\\\/\\\/recomedic.com\\\/\",\"logo\":{\"@type\":\"ImageObject\",\"inLanguage\":\"pl-PL\",\"@id\":\"https:\\\/\\\/recomedic.com\\\/#\\\/schema\\\/logo\\\/image\\\/\",\"url\":\"https:\\\/\\\/recomedic.com\\\/wp-content\\\/uploads\\\/2023\\\/09\\\/rcm_logo_400x400.jpg\",\"contentUrl\":\"https:\\\/\\\/recomedic.com\\\/wp-content\\\/uploads\\\/2023\\\/09\\\/rcm_logo_400x400.jpg\",\"width\":400,\"height\":400,\"caption\":\"Recomedic Damian M\u0105cznik Sp. k.\"},\"image\":{\"@id\":\"https:\\\/\\\/recomedic.com\\\/#\\\/schema\\\/logo\\\/image\\\/\"},\"sameAs\":[\"https:\\\/\\\/www.facebook.com\\\/recomedic\",\"https:\\\/\\\/x.com\\\/recomedic\"]}]}<\/script>\n<!-- \/ Yoast SEO plugin. -->","yoast_head_json":{"title":"Producent cz\u0119\u015bci do urz\u0105dze\u0144 medycznych | Recomedic","description":"W Recomedic zajmujemy si\u0119 produkcj\u0105 pomocy rehabilitacyjnych oraz monta\u017cem wyrob\u00f3w medycznych. Sprawd\u017a nasz\u0105 ofert\u0119!","robots":{"index":"index","follow":"follow","max-snippet":"max-snippet:-1","max-image-preview":"max-image-preview:large","max-video-preview":"max-video-preview:-1"},"canonical":"https:\/\/recomedic.com\/pl\/","og_locale":"pl_PL","og_type":"article","og_title":"Producent cz\u0119\u015bci do urz\u0105dze\u0144 medycznych | Recomedic","og_description":"W Recomedic zajmujemy si\u0119 produkcj\u0105 pomocy rehabilitacyjnych oraz monta\u017cem wyrob\u00f3w medycznych. Sprawd\u017a nasz\u0105 ofert\u0119!","og_url":"https:\/\/recomedic.com\/pl\/","og_site_name":"Recomedic","article_publisher":"https:\/\/www.facebook.com\/recomedic","article_modified_time":"2025-09-24T18:30:28+00:00","og_image":[{"width":1200,"height":630,"url":"https:\/\/recomedic.com\/wp-content\/themes\/recomedic2024\/img\/recomedic-og-image.jpg","type":"image\/jpeg"}],"twitter_card":"summary_large_image","twitter_site":"@recomedic","schema":{"@context":"https:\/\/schema.org","@graph":[{"@type":"WebPage","@id":"https:\/\/recomedic.com\/pl\/","url":"https:\/\/recomedic.com\/pl\/","name":"Producent cz\u0119\u015bci do urz\u0105dze\u0144 medycznych | Recomedic","isPartOf":{"@id":"https:\/\/recomedic.com\/#website"},"datePublished":"2018-07-26T14:01:42+00:00","dateModified":"2025-09-24T18:30:28+00:00","description":"W Recomedic zajmujemy si\u0119 produkcj\u0105 pomocy rehabilitacyjnych oraz monta\u017cem wyrob\u00f3w medycznych. Sprawd\u017a nasz\u0105 ofert\u0119!","breadcrumb":{"@id":"https:\/\/recomedic.com\/pl\/#breadcrumb"},"inLanguage":"pl-PL","potentialAction":[{"@type":"ReadAction","target":["https:\/\/recomedic.com\/pl\/"]}]},{"@type":"BreadcrumbList","@id":"https:\/\/recomedic.com\/pl\/#breadcrumb","itemListElement":[{"@type":"ListItem","position":1,"name":"Home","item":"https:\/\/recomedic.com\/pl\/"},{"@type":"ListItem","position":2,"name":"Mainpage"}]},{"@type":"WebSite","@id":"https:\/\/recomedic.com\/#website","url":"https:\/\/recomedic.com\/","name":"Recomedic","description":"Recomedic - Industrial solutions","publisher":{"@id":"https:\/\/recomedic.com\/#organization"},"potentialAction":[{"@type":"SearchAction","target":{"@type":"EntryPoint","urlTemplate":"https:\/\/recomedic.com\/?s={search_term_string}"},"query-input":{"@type":"PropertyValueSpecification","valueRequired":true,"valueName":"search_term_string"}}],"inLanguage":"pl-PL"},{"@type":"Organization","@id":"https:\/\/recomedic.com\/#organization","name":"Recomedic Damian M\u0105cznik Sp. k.","alternateName":"Recomedic","url":"https:\/\/recomedic.com\/","logo":{"@type":"ImageObject","inLanguage":"pl-PL","@id":"https:\/\/recomedic.com\/#\/schema\/logo\/image\/","url":"https:\/\/recomedic.com\/wp-content\/uploads\/2023\/09\/rcm_logo_400x400.jpg","contentUrl":"https:\/\/recomedic.com\/wp-content\/uploads\/2023\/09\/rcm_logo_400x400.jpg","width":400,"height":400,"caption":"Recomedic Damian M\u0105cznik Sp. k."},"image":{"@id":"https:\/\/recomedic.com\/#\/schema\/logo\/image\/"},"sameAs":["https:\/\/www.facebook.com\/recomedic","https:\/\/x.com\/recomedic"]}]}},"_links":{"self":[{"href":"https:\/\/recomedic.com\/pl\/wp-json\/wp\/v2\/pages\/34","targetHints":{"allow":["GET"]}}],"collection":[{"href":"https:\/\/recomedic.com\/pl\/wp-json\/wp\/v2\/pages"}],"about":[{"href":"https:\/\/recomedic.com\/pl\/wp-json\/wp\/v2\/types\/page"}],"author":[{"embeddable":true,"href":"https:\/\/recomedic.com\/pl\/wp-json\/wp\/v2\/users\/1"}],"replies":[{"embeddable":true,"href":"https:\/\/recomedic.com\/pl\/wp-json\/wp\/v2\/comments?post=34"}],"version-history":[{"count":18,"href":"https:\/\/recomedic.com\/pl\/wp-json\/wp\/v2\/pages\/34\/revisions"}],"predecessor-version":[{"id":1464,"href":"https:\/\/recomedic.com\/pl\/wp-json\/wp\/v2\/pages\/34\/revisions\/1464"}],"wp:attachment":[{"href":"https:\/\/recomedic.com\/pl\/wp-json\/wp\/v2\/media?parent=34"}],"curies":[{"name":"wp","href":"https:\/\/api.w.org\/{rel}","templated":true}]}}